{"id":4145,"date":"2022-10-25T16:05:10","date_gmt":"2022-10-25T16:05:10","guid":{"rendered":"https:\/\/tagx.tagsystems.li\/?page_id=4145"},"modified":"2024-09-23T14:35:24","modified_gmt":"2024-09-23T12:35:24","slug":"press-kit","status":"publish","type":"page","link":"https:\/\/tagx.tagsystems.com\/de-ch\/press-kit\/","title":{"rendered":"Press Kit"},"content":{"rendered":"\t\t<div data-elementor-type=\"wp-page\" data-elementor-id=\"4145\" class=\"elementor elementor-4145\" data-elementor-settings=\"{&quot;ha_cmc_init_switcher&quot;:&quot;no&quot;}\" data-elementor-post-type=\"page\">\n\t\t\t\t\t\t<section class=\"elementor-section elementor-top-section elementor-element elementor-element-48d3052 elementor-section-boxed elementor-section-height-default elementor-section-height-default\" data-id=\"48d3052\" data-element_type=\"section\" data-e-type=\"section\">\n\t\t\t\t\t\t<div class=\"elementor-container elementor-column-gap-default\">\n\t\t\t\t\t<div class=\"elementor-column elementor-col-100 elementor-top-column elementor-element elementor-element-3e0346b\" data-id=\"3e0346b\" data-element_type=\"column\" data-e-type=\"column\">\n\t\t\t<div class=\"elementor-widget-wrap elementor-element-populated\">\n\t\t\t\t\t\t\t<\/div>\n\t\t<\/div>\n\t\t\t\t\t<\/div>\n\t\t<\/section>\n\t\t\t\t<section class=\"elementor-section elementor-top-section elementor-element elementor-element-b9ed3b2 elementor-section-boxed elementor-section-height-default elementor-section-height-default\" data-id=\"b9ed3b2\" data-element_type=\"section\" data-e-type=\"section\">\n\t\t\t\t\t\t<div class=\"elementor-container elementor-column-gap-default\">\n\t\t\t\t\t<div class=\"elementor-column elementor-col-100 elementor-top-column elementor-element elementor-element-628e81a\" data-id=\"628e81a\" data-element_type=\"column\" data-e-type=\"column\">\n\t\t\t<div class=\"elementor-widget-wrap elementor-element-populated\">\n\t\t\t\t\t\t<div class=\"elementor-element elementor-element-0968065 gallery-spacing-custom elementor-widget elementor-widget-image-gallery\" data-id=\"0968065\" data-element_type=\"widget\" data-e-type=\"widget\" data-widget_type=\"image-gallery.default\">\n\t\t\t\t<div class=\"elementor-widget-container\">\n\t\t\t\t\t\t\t<div class=\"elementor-image-gallery\">\n\t\t\t<div id=\"gallery-1\" class=\"gallery galleryid-4145 gallery-columns-4 gallery-size-medium\"><figure class=\"gallery-item\">\n\t\t\t<div class=\"gallery-icon portrait\">\n\t\t\t\t<a data-elementor-open-lightbox=\"no\" href=\"https:\/\/tagx.tagsystems.com\/de-ch\/wp-content\/uploads\/sites\/2\/2022\/09\/mar\u00adtin-wohl\u00adwend-por\u00adtrait-2.webp\"><img fetchpriority=\"high\" decoding=\"async\" width=\"188\" height=\"300\" src=\"https:\/\/tagx.tagsystems.com\/de-ch\/wp-content\/uploads\/sites\/2\/2022\/09\/mar\u00adtin-wohl\u00adwend-por\u00adtrait-2-188x300.webp\" class=\"attachment-medium size-medium\" alt=\"Martin Wohlwend Portrait\" aria-describedby=\"gallery-1-1491\" srcset=\"https:\/\/tagx.tagsystems.com\/de-ch\/wp-content\/uploads\/sites\/2\/2022\/09\/mar\u00adtin-wohl\u00adwend-por\u00adtrait-2-188x300.webp 188w, https:\/\/tagx.tagsystems.com\/de-ch\/wp-content\/uploads\/sites\/2\/2022\/09\/mar\u00adtin-wohl\u00adwend-por\u00adtrait-2-643x1024.webp 643w, https:\/\/tagx.tagsystems.com\/de-ch\/wp-content\/uploads\/sites\/2\/2022\/09\/mar\u00adtin-wohl\u00adwend-por\u00adtrait-2-768x1223.webp 768w, https:\/\/tagx.tagsystems.com\/de-ch\/wp-content\/uploads\/sites\/2\/2022\/09\/mar\u00adtin-wohl\u00adwend-por\u00adtrait-2.webp 847w\" sizes=\"(max-width: 188px) 100vw, 188px\"><\/a>\n\t\t\t<\/div>\n\t\t\t\t<figcaption class=\"wp-caption-text gallery-caption\" id=\"gallery-1-1491\">\n\t\t\t\tMar\u00adtin Wohl\u00adwend<br>Mana\u00adging Direc\u00adtor (LI)\n\t\t\t\t<\/figcaption><\/figure><figure class=\"gallery-item\">\n\t\t\t<div class=\"gallery-icon portrait\">\n\t\t\t\t<a data-elementor-open-lightbox=\"no\" href=\"https:\/\/tagx.tagsystems.com\/de-ch\/wp-content\/uploads\/sites\/2\/2022\/09\/ErikPrestinary-short.webp\"><img decoding=\"async\" width=\"179\" height=\"300\" src=\"https:\/\/tagx.tagsystems.com\/de-ch\/wp-content\/uploads\/sites\/2\/2022\/09\/ErikPrestinary-short-179x300.webp\" class=\"attachment-medium size-medium\" alt=\"Erik Prestinary, selbstbewusster Verkaufs- und Kundenservice-Direktor, l\u00e4ssig gekleidet vor schwarzem Hintergrund.\" aria-describedby=\"gallery-1-1486\" srcset=\"https:\/\/tagx.tagsystems.com\/de-ch\/wp-content\/uploads\/sites\/2\/2022\/09\/ErikPrestinary-short-179x300.webp 179w, https:\/\/tagx.tagsystems.com\/de-ch\/wp-content\/uploads\/sites\/2\/2022\/09\/ErikPrestinary-short-612x1024.webp 612w, https:\/\/tagx.tagsystems.com\/de-ch\/wp-content\/uploads\/sites\/2\/2022\/09\/ErikPrestinary-short-768x1286.webp 768w, https:\/\/tagx.tagsystems.com\/de-ch\/wp-content\/uploads\/sites\/2\/2022\/09\/ErikPrestinary-short.webp 847w\" sizes=\"(max-width: 179px) 100vw, 179px\"><\/a>\n\t\t\t<\/div>\n\t\t\t\t<figcaption class=\"wp-caption-text gallery-caption\" id=\"gallery-1-1486\">\n\t\t\t\tErik Pres\u00adti\u00adna\u00adry<br>Direc\u00adtor, Sales &amp; Cus\u00adto\u00admer Service&nbsp;<\/figcaption><\/figure><figure class=\"gallery-item\">\n\t\t\t<div class=\"gallery-icon landscape\">\n\t\t\t\t<a data-elementor-open-lightbox=\"no\" href=\"https:\/\/tagx.tagsystems.com\/de-ch\/wp-content\/uploads\/sites\/2\/2022\/09\/logo_blue_red-1.svg\"><img decoding=\"async\" width=\"230\" height=\"79\" src=\"https:\/\/tagx.tagsystems.com\/de-ch\/wp-content\/uploads\/sites\/2\/2022\/09\/logo_blue_red-1.svg\" class=\"attachment-medium size-medium\" alt=\"TAGx Logo in Blau und Rot f\u00fcr Markenidentit\u00e4t und visuelle Wiedererkennbarkeit.\" aria-describedby=\"gallery-1-375\"><\/a>\n\t\t\t<\/div>\n\t\t\t\t<figcaption class=\"wp-caption-text gallery-caption\" id=\"gallery-1-375\">\n\t\t\t\tTAGx Logo \u2013 Default&nbsp;<\/figcaption><\/figure><figure class=\"gallery-item\">\n\t\t\t<div class=\"gallery-icon landscape\">\n\t\t\t\t<a data-elementor-open-lightbox=\"no\" href=\"https:\/\/tagx.tagsystems.com\/de-ch\/wp-content\/uploads\/sites\/2\/2022\/09\/logo_white_red.svg\"><img loading=\"lazy\" decoding=\"async\" width=\"230\" height=\"79\" src=\"https:\/\/tagx.tagsystems.com\/de-ch\/wp-content\/uploads\/sites\/2\/2022\/09\/logo_white_red.svg\" class=\"attachment-medium size-medium\" alt=\"TAGx Logo in Weiss und Rot f\u00fcr Markenidentit\u00e4t und visuelle Kommunikation.\" aria-describedby=\"gallery-1-96\"><\/a>\n\t\t\t<\/div>\n\t\t\t\t<figcaption class=\"wp-caption-text gallery-caption\" id=\"gallery-1-96\">\n\t\t\t\tTAGx Logo \u2013&nbsp;White&nbsp;<\/figcaption><\/figure><figure class=\"gallery-item\">\n\t\t\t<div class=\"gallery-icon landscape\">\n\t\t\t\t<a data-elementor-open-lightbox=\"no\" href=\"https:\/\/tagx.tagsystems.com\/de-ch\/wp-content\/uploads\/sites\/2\/2022\/09\/benut\u00adze\u00adrin-arbei\u00adtet-an-einem-lap\u00adtop-mit-tagx-software.png\"><img loading=\"lazy\" decoding=\"async\" width=\"300\" height=\"193\" src=\"https:\/\/tagx.tagsystems.com\/de-ch\/wp-content\/uploads\/sites\/2\/2022\/09\/benut\u00adze\u00adrin-arbei\u00adtet-an-einem-lap\u00adtop-mit-tagx-software-300x193.png\" class=\"attachment-medium size-medium\" alt=\"Eine Person arbeitet an einem Laptop, auf dessen Bildschirm die Benutzeroberfl\u00e4che der TAGx-Software angezeigt wird. Das Interface zeigt verschiedene Men\u00fcpunkte und Diagramme f\u00fcr Transaktionen und Prozesse.\" aria-describedby=\"gallery-1-1055\" srcset=\"https:\/\/tagx.tagsystems.com\/de-ch\/wp-content\/uploads\/sites\/2\/2022\/09\/benut\u00adze\u00adrin-arbei\u00adtet-an-einem-lap\u00adtop-mit-tagx-software-300x193.png 300w, https:\/\/tagx.tagsystems.com\/de-ch\/wp-content\/uploads\/sites\/2\/2022\/09\/benut\u00adze\u00adrin-arbei\u00adtet-an-einem-lap\u00adtop-mit-tagx-software.png 732w\" sizes=\"(max-width: 300px) 100vw, 300px\"><\/a>\n\t\t\t<\/div>\n\t\t\t\t<figcaption class=\"wp-caption-text gallery-caption\" id=\"gallery-1-1055\">\n\t\t\t\tImage&nbsp;01&nbsp;<\/figcaption><\/figure>\n\t\t<\/div>\n\t\t<\/div>\n\t\t\t\t\t\t<\/div>\n\t\t\t\t<\/div>\n\t\t\t\t\t<\/div>\n\t\t<\/div>\n\t\t\t\t\t<\/div>\n\t\t<\/section>\n\t\t\t\t<section class=\"elementor-section elementor-top-section elementor-element elementor-element-dbb5db7 elementor-section-boxed elementor-section-height-default elementor-section-height-default\" data-id=\"dbb5db7\" data-element_type=\"section\" data-e-type=\"section\">\n\t\t\t\t\t\t<div class=\"elementor-container elementor-column-gap-default\">\n\t\t\t\t\t<div class=\"elementor-column elementor-col-100 elementor-top-column elementor-element elementor-element-150c42a\" data-id=\"150c42a\" data-element_type=\"column\" data-e-type=\"column\">\n\t\t\t<div class=\"elementor-widget-wrap elementor-element-populated\">\n\t\t\t\t\t\t<div class=\"elementor-element elementor-element-021c6a6 elementor-align-left elementor-tablet-align-right elementor-mobile-align-left elementor-widget elementor-widget-global elementor-global-4189 elementor-widget-button\" data-id=\"021c6a6\" data-element_type=\"widget\" data-e-type=\"widget\" id=\"btn-back\" data-widget_type=\"button.default\">\n\t\t\t\t<div class=\"elementor-widget-container\">\n\t\t\t\t\t\t\t\t\t<div class=\"elementor-button-wrapper\">\n\t\t\t\t\t<a class=\"elementor-button elementor-button-link elementor-size-sm\" href=\"#\">\n\t\t\t\t\t\t<span class=\"elementor-button-content-wrapper\">\n\t\t\t\t\t\t<span class=\"elementor-button-icon\">\n\t\t\t\t<svg id=\"Ebene_1\" x=\"0px\" y=\"0px\" viewBox=\"0 0 30 25\" style=\"enable-background:new 0 0 30 25;\" xml:space=\"preserve\" xmlns:xlink=\"http:\/\/www.w3.org\/1999\/xlink\"><style type=\"text\/css\">\t.st0{fill:#FFFFFF;}<\/style><g>\t<rect x=\"0\" y=\"10\" class=\"st0\" width=\"5\" height=\"5\" \/>\t<rect x=\"15\" y=\"10\" class=\"st0\" width=\"5\" height=\"5\" \/>\t<rect x=\"20\" y=\"10\" class=\"st0\" width=\"5\" height=\"5\" \/>\t<rect x=\"25\" y=\"10\" class=\"st0\" width=\"5\" height=\"5\" \/>\t<rect x=\"5\" y=\"5\" class=\"st0\" width=\"5\" height=\"5\" \/>\t<rect x=\"10\" y=\"0\" class=\"st0\" width=\"5\" height=\"5\" \/>\t<rect x=\"5.1\" y=\"15\" class=\"st0\" width=\"5\" height=\"5\" \/>\t<rect x=\"10.1\" y=\"20\" class=\"st0\" width=\"5\" height=\"5\" \/><\/g><\/svg>\t\t\t<\/span>\n\t\t\t\t\t\t\t\t\t<span class=\"elementor-button-text\">Zur\u00fcck<\/span>\n\t\t\t\t\t<\/span>\n\t\t\t\t\t<\/a>\n\t\t\t\t<\/div>\n\t\t\t\t\t\t\t\t<\/div>\n\t\t\t\t<\/div>\n\t\t\t\t\t<\/div>\n\t\t<\/div>\n\t\t\t\t\t<\/div>\n\t\t<\/section>\n\t\t\t\t<\/div>\n\t\t","protected":false},"excerpt":{"rendered":"<p>Mar\u00adtin Wohl\u00adwendMana\u00adging Direc\u00adtor (LI) Erik Pres\u00adti\u00adna\u00adryDirec\u00adtor, Sales &amp; Cus\u00adto\u00admer Ser\u00advice TAGx Logo \u2013 Default TAGx Logo \u2013&nbsp;White Image&nbsp;01 Go&nbsp;back<\/p>\n","protected":false},"author":3,"featured_media":0,"parent":0,"menu_order":0,"comment_status":"closed","ping_status":"closed","template":"elementor_header_footer","meta":{"inline_featured_image":false,"wp_typography_post_enhancements_disabled":false,"footnotes":""},"class_list":["post-4145","page","type-page","status-publish","hentry"],"yoast_head":"<!-- This site is optimized with the Yoast SEO Premium plugin v27.4 (Yoast SEO v27.4) - https:\/\/yoast.com\/product\/yoast-seo-premium-wordpress\/ -->\n<title>Press Kit - TAGx<\/title>\n<meta name=\"robots\" content=\"index, follow, max-snippet:-1, max-image-preview:large, max-video-preview:-1\" \/>\n<link rel=\"canonical\" href=\"https:\/\/tagx.tagsystems.com\/de-ch\/press-kit\/\" \/>\n<meta property=\"og:locale\" content=\"de_DE\" \/>\n<meta property=\"og:type\" content=\"article\" \/>\n<meta property=\"og:title\" content=\"Press Kit\" \/>\n<meta property=\"og:description\" content=\"Mar\u00adtin Wohl\u00adwendMana\u00adging Direc\u00adtor (LI) Erik Pres\u00adti\u00adna\u00adryDirec\u00adtor, Sales &amp; Cus\u00adto\u00admer Service TAGx Logo \u2013 Default TAGx Logo \u2013&nbsp;White Image&nbsp;01 Go&nbsp;back\" \/>\n<meta property=\"og:url\" content=\"https:\/\/tagx.tagsystems.com\/de-ch\/press-kit\/\" \/>\n<meta property=\"og:site_name\" content=\"TAGx\" \/>\n<meta property=\"article:modified_time\" content=\"2024-09-23T12:35:24+00:00\" \/>\n<meta property=\"og:image\" content=\"https:\/\/tagx.tagsystems.com\/wp-content\/uploads\/sites\/2\/2022\/09\/MartinWohlwend-short-1-188x300.webp\" \/>\n<meta name=\"twitter:card\" content=\"summary_large_image\" \/>\n<meta name=\"twitter:label1\" content=\"Gesch\u00e4tzte Lesezeit\" \/>\n\t<meta name=\"twitter:data1\" content=\"2\u00a0Minuten\" \/>\n<script type=\"application\/ld+json\" class=\"yoast-schema-graph\">{\"@context\":\"https:\\\/\\\/schema.org\",\"@graph\":[{\"@type\":\"WebPage\",\"@id\":\"https:\\\/\\\/tagx.tagsystems.com\\\/de-ch\\\/press-kit\\\/\",\"url\":\"https:\\\/\\\/tagx.tagsystems.com\\\/de-ch\\\/press-kit\\\/\",\"name\":\"Press Kit - TAGx\",\"isPartOf\":{\"@id\":\"https:\\\/\\\/tagx.tagsystems.com\\\/de-ch\\\/#website\"},\"primaryImageOfPage\":{\"@id\":\"https:\\\/\\\/tagx.tagsystems.com\\\/de-ch\\\/press-kit\\\/#primaryimage\"},\"image\":{\"@id\":\"https:\\\/\\\/tagx.tagsystems.com\\\/de-ch\\\/press-kit\\\/#primaryimage\"},\"thumbnailUrl\":\"https:\\\/\\\/tagx.tagsystems.com\\\/wp-content\\\/uploads\\\/sites\\\/2\\\/2022\\\/09\\\/ErikPrestinary-short-179x300.webp\",\"datePublished\":\"2022-10-25T16:05:10+00:00\",\"dateModified\":\"2024-09-23T12:35:24+00:00\",\"breadcrumb\":{\"@id\":\"https:\\\/\\\/tagx.tagsystems.com\\\/de-ch\\\/press-kit\\\/#breadcrumb\"},\"inLanguage\":\"de\",\"potentialAction\":[{\"@type\":\"ReadAction\",\"target\":[\"https:\\\/\\\/tagx.tagsystems.com\\\/de-ch\\\/press-kit\\\/\"]}]},{\"@type\":\"ImageObject\",\"inLanguage\":\"de\",\"@id\":\"https:\\\/\\\/tagx.tagsystems.com\\\/de-ch\\\/press-kit\\\/#primaryimage\",\"url\":\"https:\\\/\\\/tagx.tagsystems.com\\\/wp-content\\\/uploads\\\/sites\\\/2\\\/2022\\\/09\\\/ErikPrestinary-short-179x300.webp\",\"contentUrl\":\"https:\\\/\\\/tagx.tagsystems.com\\\/wp-content\\\/uploads\\\/sites\\\/2\\\/2022\\\/09\\\/ErikPrestinary-short-179x300.webp\"},{\"@type\":\"BreadcrumbList\",\"@id\":\"https:\\\/\\\/tagx.tagsystems.com\\\/de-ch\\\/press-kit\\\/#breadcrumb\",\"itemListElement\":[{\"@type\":\"ListItem\",\"position\":1,\"name\":\"Home\",\"item\":\"https:\\\/\\\/tagx.tagsystems.com\\\/de-ch\\\/\"},{\"@type\":\"ListItem\",\"position\":2,\"name\":\"Press Kit\"}]},{\"@type\":\"WebSite\",\"@id\":\"https:\\\/\\\/tagx.tagsystems.com\\\/de-ch\\\/#website\",\"url\":\"https:\\\/\\\/tagx.tagsystems.com\\\/de-ch\\\/\",\"name\":\"TAGx\",\"description\":\"Zahlungs\u00adorchestrierung\",\"publisher\":{\"@id\":\"https:\\\/\\\/tagx.tagsystems.com\\\/de-ch\\\/#organization\"},\"potentialAction\":[{\"@type\":\"SearchAction\",\"target\":{\"@type\":\"EntryPoint\",\"urlTemplate\":\"https:\\\/\\\/tagx.tagsystems.com\\\/de-ch\\\/?s={search_term_string}\"},\"query-input\":{\"@type\":\"PropertyValueSpecification\",\"valueRequired\":true,\"valueName\":\"search_term_string\"}}],\"inLanguage\":\"de\"},{\"@type\":\"Organization\",\"@id\":\"https:\\\/\\\/tagx.tagsystems.com\\\/de-ch\\\/#organization\",\"name\":\"TAGx\",\"url\":\"https:\\\/\\\/tagx.tagsystems.com\\\/de-ch\\\/\",\"logo\":{\"@type\":\"ImageObject\",\"inLanguage\":\"de\",\"@id\":\"https:\\\/\\\/tagx.tagsystems.com\\\/de-ch\\\/#\\\/schema\\\/logo\\\/image\\\/\",\"url\":\"https:\\\/\\\/tagx.tagsystems.com\\\/de-ch\\\/wp-content\\\/uploads\\\/sites\\\/2\\\/2022\\\/09\\\/logo_cyan_red.svg\",\"contentUrl\":\"https:\\\/\\\/tagx.tagsystems.com\\\/de-ch\\\/wp-content\\\/uploads\\\/sites\\\/2\\\/2022\\\/09\\\/logo_cyan_red.svg\",\"width\":230,\"height\":79,\"caption\":\"TAGx\"},\"image\":{\"@id\":\"https:\\\/\\\/tagx.tagsystems.com\\\/de-ch\\\/#\\\/schema\\\/logo\\\/image\\\/\"}}]}<\/script>\n<!-- \/ Yoast SEO Premium plugin. -->","yoast_head_json":{"title":"Press Kit - TAGx","robots":{"index":"index","follow":"follow","max-snippet":"max-snippet:-1","max-image-preview":"max-image-preview:large","max-video-preview":"max-video-preview:-1"},"canonical":"https:\/\/tagx.tagsystems.com\/de-ch\/press-kit\/","og_locale":"de_DE","og_type":"article","og_title":"Press Kit","og_description":"Mar\u00adtin Wohl\u00adwendMana\u00adging Direc\u00adtor (LI) Erik Pres\u00adti\u00adna\u00adryDirec\u00adtor, Sales &amp; Cus\u00adto\u00admer Service TAGx Logo \u2013 Default TAGx Logo \u2013&nbsp;White Image&nbsp;01 Go&nbsp;back","og_url":"https:\/\/tagx.tagsystems.com\/de-ch\/press-kit\/","og_site_name":"TAGx","article_modified_time":"2024-09-23T12:35:24+00:00","og_image":[{"url":"https:\/\/tagx.tagsystems.com\/wp-content\/uploads\/sites\/2\/2022\/09\/MartinWohlwend-short-1-188x300.webp","type":"","width":"","height":""}],"twitter_card":"summary_large_image","twitter_misc":{"Gesch\u00e4tzte Lesezeit":"2\u00a0Minuten"},"schema":{"@context":"https:\/\/schema.org","@graph":[{"@type":"WebPage","@id":"https:\/\/tagx.tagsystems.com\/de-ch\/press-kit\/","url":"https:\/\/tagx.tagsystems.com\/de-ch\/press-kit\/","name":"Press Kit - TAGx","isPartOf":{"@id":"https:\/\/tagx.tagsystems.com\/de-ch\/#website"},"primaryImageOfPage":{"@id":"https:\/\/tagx.tagsystems.com\/de-ch\/press-kit\/#primaryimage"},"image":{"@id":"https:\/\/tagx.tagsystems.com\/de-ch\/press-kit\/#primaryimage"},"thumbnailUrl":"https:\/\/tagx.tagsystems.com\/wp-content\/uploads\/sites\/2\/2022\/09\/ErikPrestinary-short-179x300.webp","datePublished":"2022-10-25T16:05:10+00:00","dateModified":"2024-09-23T12:35:24+00:00","breadcrumb":{"@id":"https:\/\/tagx.tagsystems.com\/de-ch\/press-kit\/#breadcrumb"},"inLanguage":"de","potentialAction":[{"@type":"ReadAction","target":["https:\/\/tagx.tagsystems.com\/de-ch\/press-kit\/"]}]},{"@type":"ImageObject","inLanguage":"de","@id":"https:\/\/tagx.tagsystems.com\/de-ch\/press-kit\/#primaryimage","url":"https:\/\/tagx.tagsystems.com\/wp-content\/uploads\/sites\/2\/2022\/09\/ErikPrestinary-short-179x300.webp","contentUrl":"https:\/\/tagx.tagsystems.com\/wp-content\/uploads\/sites\/2\/2022\/09\/ErikPrestinary-short-179x300.webp"},{"@type":"BreadcrumbList","@id":"https:\/\/tagx.tagsystems.com\/de-ch\/press-kit\/#breadcrumb","itemListElement":[{"@type":"ListItem","position":1,"name":"Home","item":"https:\/\/tagx.tagsystems.com\/de-ch\/"},{"@type":"ListItem","position":2,"name":"Press Kit"}]},{"@type":"WebSite","@id":"https:\/\/tagx.tagsystems.com\/de-ch\/#website","url":"https:\/\/tagx.tagsystems.com\/de-ch\/","name":"TAGx","description":"Zahlungs\u00adorchestrierung","publisher":{"@id":"https:\/\/tagx.tagsystems.com\/de-ch\/#organization"},"potentialAction":[{"@type":"SearchAction","target":{"@type":"EntryPoint","urlTemplate":"https:\/\/tagx.tagsystems.com\/de-ch\/?s={search_term_string}"},"query-input":{"@type":"PropertyValueSpecification","valueRequired":true,"valueName":"search_term_string"}}],"inLanguage":"de"},{"@type":"Organization","@id":"https:\/\/tagx.tagsystems.com\/de-ch\/#organization","name":"TAGx","url":"https:\/\/tagx.tagsystems.com\/de-ch\/","logo":{"@type":"ImageObject","inLanguage":"de","@id":"https:\/\/tagx.tagsystems.com\/de-ch\/#\/schema\/logo\/image\/","url":"https:\/\/tagx.tagsystems.com\/de-ch\/wp-content\/uploads\/sites\/2\/2022\/09\/logo_cyan_red.svg","contentUrl":"https:\/\/tagx.tagsystems.com\/de-ch\/wp-content\/uploads\/sites\/2\/2022\/09\/logo_cyan_red.svg","width":230,"height":79,"caption":"TAGx"},"image":{"@id":"https:\/\/tagx.tagsystems.com\/de-ch\/#\/schema\/logo\/image\/"}}]}},"jetpack_sharing_enabled":true,"_links":{"self":[{"href":"https:\/\/tagx.tagsystems.com\/de-ch\/wp-json\/wp\/v2\/pages\/4145","targetHints":{"allow":["GET"]}}],"collection":[{"href":"https:\/\/tagx.tagsystems.com\/de-ch\/wp-json\/wp\/v2\/pages"}],"about":[{"href":"https:\/\/tagx.tagsystems.com\/de-ch\/wp-json\/wp\/v2\/types\/page"}],"author":[{"embeddable":true,"href":"https:\/\/tagx.tagsystems.com\/de-ch\/wp-json\/wp\/v2\/users\/3"}],"replies":[{"embeddable":true,"href":"https:\/\/tagx.tagsystems.com\/de-ch\/wp-json\/wp\/v2\/comments?post=4145"}],"version-history":[{"count":49,"href":"https:\/\/tagx.tagsystems.com\/de-ch\/wp-json\/wp\/v2\/pages\/4145\/revisions"}],"predecessor-version":[{"id":4204,"href":"https:\/\/tagx.tagsystems.com\/de-ch\/wp-json\/wp\/v2\/pages\/4145\/revisions\/4204"}],"wp:attachment":[{"href":"https:\/\/tagx.tagsystems.com\/de-ch\/wp-json\/wp\/v2\/media?parent=4145"}],"curies":[{"name":"wp","href":"https:\/\/api.w.org\/{rel}","templated":true}]}}